{"id":559,"date":"2026-04-14T20:59:12","date_gmt":"2026-04-14T20:59:12","guid":{"rendered":"https:\/\/thumm.pl\/?page_id=559"},"modified":"2026-04-14T21:28:09","modified_gmt":"2026-04-14T21:28:09","slug":"o-mnie","status":"publish","type":"page","link":"https:\/\/thumm.pl\/?page_id=559","title":{"rendered":"O mnie"},"content":{"rendered":"<div class=\"wpb-content-wrapper\"><p>[vc_row full_width=&#8221;stretch_row_content_no_spaces&#8221; full_height=&#8221;yes&#8221; columns_placement=&#8221;stretch&#8221; equal_height=&#8221;yes&#8221; bg_type=&#8221;bg_color&#8221; bg_override=&#8221;ex-full&#8221; bg_color_value=&#8221;#ffffff&#8221;][vc_column css_animation=&#8221;fadeInLeft&#8221; width=&#8221;1\/2&#8243; css=&#8221;.vc_custom_1775906879657{background-image: url(https:\/\/thumm.pl\/wp-content\/uploads\/2026\/04\/IMG_3095.jpg?id=562) !important;background-position: center !important;background-repeat: no-repeat !important;background-size: cover !important;}&#8221;][vc_empty_space height=&#8221;600px&#8221;][\/vc_column][vc_column css_animation=&#8221;fadeInRight&#8221; width=&#8221;1\/2&#8243;]<div class=\"ult-content-box-container \" >\t\t<div class=\"ult-content-box\" style=\"box-shadow: px px px px none;padding:50px;-webkit-transition: all 700ms ease;-moz-transition: all 700ms ease;-ms-transition: all 700ms ease;-o-transition: all 700ms ease;transition: all 700ms ease;\"  data-hover_box_shadow=\"none\"    ><div class=\"ult-spacer spacer-69e2198060903\" data-id=\"69e2198060903\" data-height=\"140\" data-height-mobile=\"50\" data-height-tab=\"\" data-height-tab-portrait=\"50\" data-height-mobile-landscape=\"50\" style=\"clear:both;display:block;\"><\/div>[vc_custom_heading text=&#8221;About me&#8221; use_theme_fonts=&#8221;yes&#8221; el_class=&#8221;no-letter-spacing&#8221;][vc_empty_space height=&#8221;10px&#8221;][vc_custom_heading text=&#8221;I put all my passion on all projects i work because at the<br \/>\nend i love my job and love to see my clients happy.&#8221; font_container=&#8221;tag:p|font_size:22px|text_align:left&#8221; use_theme_fonts=&#8221;yes&#8221; el_class=&#8221;no-letter-spacing&#8221;][vc_empty_space height=&#8221;15px&#8221;][vc_column_text css=&#8221;&#8221;]<\/p>\n<p style=\"font-weight: 400;\">Lubi\u0119 by\u0107 w sta\u0142ym artystycznym ruchu (Dodaje mi to skrzyde\u0142 :D) Uwielbiam nowe projekty, tw\u00f3rczy zapa\u0142, burz\u0119 m\u00f3zg\u00f3w i jej ko\u0144cowy efekt. Lubi\u0119 rozwija\u0107, ulepsza\u0107, udoskonala\u0107. Du\u017c\u0105 satysfakcj\u0105 jest dla mnie praca zespo\u0142owa, od lat zarz\u0105dzam prac\u0105 zespo\u0142\u00f3w kreatywnych wiele si\u0119 przy tym sama ucz\u0105c. Osobi\u015bcie niezwykle wa\u017cne jest dla mnie otaczanie si\u0119 sztuk\u0105 i dobrym, zakomponowanym w pi\u0119kn\u0105 ca\u0142o\u015b\u0107 designem.<\/p>\n<p style=\"font-weight: 400;\">Brak dzia\u0142ania, tworzenia i rozwoju zdecydowanie mnie m\u0119czy. Wok\u00f3\u0142 tyle jest jeszcze do odkrycia, zobaczenia, wys\u0142uchania i odczucia\u2026<\/p>\n<p style=\"font-weight: 400;\">Jestem otwarta na nowe tw\u00f3rcze dzia\u0142ania! A TY? \ud83d\ude00<\/p>\n<p>&nbsp;<\/p>\n<p style=\"font-weight: 400;\">Wykszta\u0142cenie:<br \/>\nMgr sztuki, grafik, illustrator, projektant ubioru, artysta fotografik&#8230;<\/p>\n<ul>\n<li style=\"font-weight: 400;\">Uniwersytet Artystycznego w Poznaniu &#8211; mgr sztuki (Edukacja artystyczna, Rysunek)<\/li>\n<li style=\"font-weight: 400;\">Akademii Nauk Stosowanych w Raciborzu (Edukacja artystyczna i Grafika u\u017cytkowa)<\/li>\n<li style=\"font-weight: 400;\">Uniwersytetu WSB Merito we Wroc\u0142awiu (Nowoczesny marketing)<\/li>\n<li style=\"font-weight: 400;\">Szko\u0142y Artystycznego Projektowania Ubioru w Krakowie<\/li>\n<li style=\"font-weight: 400;\">Szko\u0142y Kreatywnej Fotografii w Krakowie<\/li>\n<\/ul>\n<p>[\/vc_column_text][vc_empty_space height=&#8221;30px&#8221;][vc_custom_heading text=&#8221;KATARZYNA THUMM&#8221; font_container=&#8221;tag:h4|text_align:left&#8221; google_fonts=&#8221;font_family:Nothing%20You%20Could%20Do%3Aregular|font_style:400%20regular%3A400%3Anormal&#8221; css=&#8221;&#8221; el_class=&#8221;homesignature&#8221;][vc_empty_space height=&#8221;40px&#8221;][vc_custom_heading text=&#8221;Follow me&#8221; font_container=&#8221;tag:h5|text_align:left&#8221; use_theme_fonts=&#8221;yes&#8221; el_class=&#8221;no-letter-spacing&#8221;]<div id=\"treethemes-social-networks-shortcode-1\" class=\"widget hazel_socials_widget\"><div class=\"social-icons-fa align-left\"><ul><li><a href=\"\" target=\"_blank\" class=\"social-network facebook\" title=\"Facebook\"><i class=\"fab fa-facebook\"><\/i><\/a><\/li><li><a href=\"#\" target=\"_blank\" class=\"social-network-twitter\" title=\"\"><i><svg xmlns=\"http:\/\/www.w3.org\/2000\/svg\" viewBox=\"0 0 512 512\"><path id=\"twitter_x_svg\" opacity=\"1\" d=\"M389.2 48h70.6L305.6 224.2 487 464H345L233.7 318.6 106.5 464H35.8L200.7 275.5 26.8 48H172.4L272.9 180.9 389.2 48zM364.4 421.8h39.1L151.1 88h-42L364.4 421.8z\"\/><\/svg><\/i><\/a><\/li><li><a href=\"#\" target=\"_blank\" class=\"social-network twitter\" title=\"Twitter\"><i class=\"fab fa-twitter\"><\/i><\/a><\/li><li><a href=\"#\" target=\"_blank\" class=\"social-network linkedin\" title=\"LinkedIn\"><i class=\"fab fa-linkedin\"><\/i><\/a><\/li><li><a href=\"#\" target=\"_blank\" class=\"social-network instagram\" title=\"Instagram\"><i class=\"fab fa-instagram\"><\/i><\/a><\/li><li><a href=\"#\" target=\"_blank\" class=\"social-network dribbble\" title=\"Dribbble\"><i class=\"fab fa-dribbble\"><\/i><\/a><\/li><li><a href=\"#\" target=\"_blank\" class=\"social-network foursquare\" title=\"Foursquare\"><i class=\"fab fa-foursquare\"><\/i><\/a><\/li><\/ul><\/div><\/div><div class=\"ult-spacer spacer-69e21980609ce\" data-id=\"69e21980609ce\" data-height=\"\" data-height-mobile=\"50\" data-height-tab=\"\" data-height-tab-portrait=\"50\" data-height-mobile-landscape=\"50\" style=\"clear:both;display:block;\"><\/div>\t\t<\/div><\/div>[\/vc_column][\/vc_row]<\/p>\n<\/div>","protected":false},"excerpt":{"rendered":"<p>[vc_row full_width=&#8221;stretch_row_content_no_spaces&#8221; full_height=&#8221;yes&#8221; columns_placement=&#8221;stretch&#8221; equal_height=&#8221;yes&#8221; bg_type=&#8221;bg_color&#8221; bg_override=&#8221;ex-full&#8221; bg_color_value=&#8221;#ffffff&#8221;][vc_column css_animation=&#8221;fadeInLeft&#8221; width=&#8221;1\/2&#8243; css=&#8221;.vc_custom_1775906879657{background-image: url(https:\/\/thumm.pl\/wp-content\/uploads\/2026\/04\/IMG_3095.jpg?id=562) !important;background-position: center !important;background-repeat: no-repeat !important;background-size: cover !important;}&#8221;][vc_empty_space height=&#8221;600px&#8221;][\/vc_column][vc_column css_animation=&#8221;fadeInRight&#8221; width=&#8221;1\/2&#8243;][\/vc_column][\/vc_row]<\/p>\n","protected":false},"author":1,"featured_media":0,"parent":0,"menu_order":0,"comment_status":"closed","ping_status":"closed","template":"one-page-template.php","meta":{"footnotes":""},"class_list":["post-559","page","type-page","status-publish","hentry"],"_links":{"self":[{"href":"https:\/\/thumm.pl\/index.php?rest_route=\/wp\/v2\/pages\/559","targetHints":{"allow":["GET"]}}],"collection":[{"href":"https:\/\/thumm.pl\/index.php?rest_route=\/wp\/v2\/pages"}],"about":[{"href":"https:\/\/thumm.pl\/index.php?rest_route=\/wp\/v2\/types\/page"}],"author":[{"embeddable":true,"href":"https:\/\/thumm.pl\/index.php?rest_route=\/wp\/v2\/users\/1"}],"replies":[{"embeddable":true,"href":"https:\/\/thumm.pl\/index.php?rest_route=%2Fwp%2Fv2%2Fcomments&post=559"}],"version-history":[{"count":13,"href":"https:\/\/thumm.pl\/index.php?rest_route=\/wp\/v2\/pages\/559\/revisions"}],"predecessor-version":[{"id":592,"href":"https:\/\/thumm.pl\/index.php?rest_route=\/wp\/v2\/pages\/559\/revisions\/592"}],"wp:attachment":[{"href":"https:\/\/thumm.pl\/index.php?rest_route=%2Fwp%2Fv2%2Fmedia&parent=559"}],"curies":[{"name":"wp","href":"https:\/\/api.w.org\/{rel}","templated":true}]}}